{"id":26480,"date":"2020-11-21T15:00:29","date_gmt":"2020-11-21T13:00:29","guid":{"rendered":"https:\/\/nblund.com\/consulting-danish\/"},"modified":"2024-04-10T15:02:54","modified_gmt":"2024-04-10T13:02:54","slug":"raadgivning","status":"publish","type":"page","link":"https:\/\/nblund.com\/da\/raadgivning\/","title":{"rendered":"R\u00e5dgivning"},"content":{"rendered":"<div id=\"cs-content\" class=\"cs-content\"><\/div>\n","protected":false},"excerpt":{"rendered":"<p>NB udvikler forretnings&shy;l\u00f8sninger der accelererer v&aelig;ksten MereLedelseStrategiG\u00e5 til markedProjekterL&oslash;sninger Hvordan vi kan samarbejde Investering \/ opk\u00f8b K\u00f8b af mindre eller mellemstore virksomhed &#8211; m\u00e5ske i samarbejde med dig &#8211; som &#8230;<\/p>\n","protected":false},"author":1,"featured_media":0,"parent":0,"menu_order":0,"comment_status":"closed","ping_status":"closed","template":"template-blank-4.php","meta":{"footnotes":""},"class_list":["post-26480","page","type-page","status-publish","hentry","no-post-thumbnail"],"_links":{"self":[{"href":"https:\/\/nblund.com\/da\/wp-json\/wp\/v2\/pages\/26480","targetHints":{"allow":["GET"]}}],"collection":[{"href":"https:\/\/nblund.com\/da\/wp-json\/wp\/v2\/pages"}],"about":[{"href":"https:\/\/nblund.com\/da\/wp-json\/wp\/v2\/types\/page"}],"author":[{"embeddable":true,"href":"https:\/\/nblund.com\/da\/wp-json\/wp\/v2\/users\/1"}],"replies":[{"embeddable":true,"href":"https:\/\/nblund.com\/da\/wp-json\/wp\/v2\/comments?post=26480"}],"version-history":[{"count":0,"href":"https:\/\/nblund.com\/da\/wp-json\/wp\/v2\/pages\/26480\/revisions"}],"wp:attachment":[{"href":"https:\/\/nblund.com\/da\/wp-json\/wp\/v2\/media?parent=26480"}],"curies":[{"name":"wp","href":"https:\/\/api.w.org\/{rel}","templated":true}]}}